{"id":316,"date":"2019-04-01T04:49:08","date_gmt":"2019-04-01T02:49:08","guid":{"rendered":"http:\/\/wp-vetrina.aro26.de\/?page_id=316"},"modified":"2025-05-28T17:04:59","modified_gmt":"2025-05-28T15:04:59","slug":"links","status":"publish","type":"page","link":"https:\/\/lavetrinaaperta.eu\/?page_id=316","title":{"rendered":"Links"},"content":{"rendered":"<p><strong><img decoding=\"async\" loading=\"lazy\" class=\"alignleft wp-image-12\" src=\"http:\/\/wp-vetrina.aro26.de\/wp-content\/uploads\/2019\/03\/LogoBild-300x225.jpg\" alt=\"Logo_La Vetrina Aperta\" width=\"96\" height=\"72\" srcset=\"https:\/\/lavetrinaaperta.eu\/wp-content\/uploads\/2019\/03\/LogoBild-300x225.jpg 300w, https:\/\/lavetrinaaperta.eu\/wp-content\/uploads\/2019\/03\/LogoBild-768x576.jpg 768w, https:\/\/lavetrinaaperta.eu\/wp-content\/uploads\/2019\/03\/LogoBild-1024x768.jpg 1024w\" sizes=\"(max-width: 96px) 100vw, 96px\" \/>Empfehlenswerte Webseiten &#8211; <span class=\"tlid-translation translation\" lang=\"en\"><span class=\"\" title=\"\">Recommended websites<\/span><\/span>:<\/strong><\/p>\n<p>&nbsp;<\/p>\n<p><em><strong>Porzellan und Keramik \/ Porcelain and Ceramics:<\/strong><\/em><\/p>\n<p><a href=\"https:\/\/www.keramik-sammler.de\/?page_id=12\" target=\"_blank\" rel=\"noopener noreferrer\">keramiksammler.de<\/a> &#8211; Informationsportal f\u00fcr deutsche und europ\u00e4ische Kunstkeramik. Marken, Werkstattzeichen, Manufakturmarken und K\u00fcnstler-Signaturen &#8230; \/ <span class=\"tlid-translation translation\" lang=\"en\" style=\"color: #808080;\"><span class=\"\" title=\"\">Information portal for German and European Ceramic. Marks, signs, manufactory brands and artist signatures &#8230;<\/span><\/span><\/p>\n<p><a href=\"https:\/\/www.porcelainmarksandmore.com\">porcelainmarksandmore.com<\/a> &#8211; PM&amp;M Porzellanmarken und Signaturen aus aller Welt und mehr, Manufakturen-\u00dcbersicht und historische Hintergrundinformationen\u00a0 &#8230; \/<span style=\"color: #808080;\"> PM&amp;M <span class=\"tlid-translation translation\" lang=\"en\"><span class=\"\" title=\"\">Porcelain brands and signatures from all over the world and more, factory index and historical &#8230;<\/span><\/span><\/span><\/p>\n<p><a href=\"http:\/\/www.sammler.com\/\">sammler.com<\/a> &#8211; Die Wissensseite f\u00fcr Sammler von Porzellan und Keramik, mit Datenbank f\u00fcr Marken und Punzen &#8230; \/ <span style=\"color: #808080;\"><span class=\"tlid-translation translation\" lang=\"en\"><span class=\"\" title=\"\">The knowledge page for collectors of porcelain and ceramics, with database of stamps and hallmarks<\/span><\/span> &#8230;<\/span><\/p>\n<p><a href=\"http:\/\/www.ceramic-link.de\/\">ceramic-link.de<\/a> &#8211; ICD &#8211; <span class=\"tlid-translation translation\" lang=\"de\"><span class=\"\" title=\"\">Internationales Keramikverzeichnis, Keramikk\u00fcnstler, Hersteller, historische St\u00e4tten, Marken, Museen und mehr &#8230; \/ <\/span><\/span><span style=\"color: #808080;\">ICD International Ceramics Directory, ceramic, artists, manufacturers, historical sites, marks, museums and more &#8230;<\/span><\/p>\n<p><a href=\"https:\/\/www.thesprucecrafts.com\/pottery-and-porcelain-marks-4121981\">thespruecrafts.com <\/a>&#8211; <span class=\"tlid-translation translation\" lang=\"de\"><span class=\"\" title=\"\">Identifizieren Sie Ihre antiken Keramik- und Porzellanmarken mit diesem einfachen Leitfaden<\/span><\/span> &#8230; \/ <span style=\"color: #808080;\">Identify your antique pottery and porcelain marks with this easy guide &#8230;<\/span><\/p>\n<p><a href=\"https:\/\/keramiksammlung.jimdoweb.com\/%C3%BC-keramik\/\">keramiksammlung.jimdo.com<\/a> &#8211; Sehr gute Sammlerseite, \u00fcbersichtlich nach Manufakturen geordnete\u00a0 Bildersammlung &#8230; \/ <span class=\"tlid-translation translation\" lang=\"en\" style=\"color: #808080;\"><span class=\"\" title=\"\">Very good collector&#8217;s page, clearly organized by manufactories image collection &#8230;<\/span><\/span><\/p>\n<p><a href=\"https:\/\/verenaszuckerdosensammlung.jimdofree.com\/sitemap\/\">verenaszuckerdosensammlung.jimdofree.com<\/a> &#8211; Wunderbare Sammlerseite von Zuckerdosen. Sehr gute Recherchem\u00f6glichkeit &#8230;\u00a0\/ <span class=\"tlid-translation translation\" lang=\"en\" style=\"color: #999999;\"><span class=\"\" title=\"\">Very good collector&#8217;s page, clearly organized by manufactories image collection &#8230;<\/span><\/span><\/p>\n<p><a href=\"https:\/\/lichteramporzellanhimmel.jimdoweb.com\/\">lichteramporzellanhimmel.jimdo.com<\/a> &#8211; Private Seite \u00fcber Porzellantradition in Lichte, Th\u00fcringen &#8230;.\u00a0 <span style=\"color: #999999;\">\/ Private page about the tradition of porcelain in Lichte, Thuringia<\/span><\/p>\n<p><a href=\"http:\/\/signaturer.se\/Sverige\/porslin.htm\/\">signaturer.se<\/a> &#8211; Umfangreiche Informationen \u00fcber skandinavische Manufakturen, K\u00fcnstler, Designer, Labels &#8230;\u00a0 <span style=\"color: #999999;\">\/ Great Page about Scandinavian Manufacturer, Artists, Designer, Hallmarks &#8230;<\/span><\/p>\n<p><a href=\"http:\/\/www.steinmarks.co.uk\/pages\/pv.asp?p=stein553\">Steinmarks.co.uk<\/a> &#8211; Eine weitere umfangreiche Seite \u00fcber Manufakturen, Markierungen &#8230;\u00a0 <span style=\"color: #999999;\">\/ Another Page about Manufacturer, Marks &#8230;<\/span><\/p>\n<p><a href=\"https:\/\/www.gotheborg.com\/marks\/marksintroduction.shtml\">gotheborg.com<\/a> &#8211; Umfangreiche Seite von Jan-Erik Nilsson \u00fcber chinesisches Porzellan und Porzellanmarken (nur auf englisch) \/ <span style=\"color: #999999;\">Identify your chinese porcelain with this great page by Jan-Erik Nilsson about chinese marks<\/span> <span style=\"color: #999999;\">(only in English)<\/span><\/p>\n<p><a href=\"https:\/\/c20ceramics.net\/category\/danish-factory-potteries\/\">c20ceramics.net<\/a> &#8211; Vintage und Midcentury Keramik mit dem Focus auf D\u00e4nemark, Skandinavien, UK und Australien \/ <span style=\"color: #999999;\">Vintage &amp; Mid 20th Century Ceramics, Focus on Denmark and Scandinavia, U.K., and Australia<\/span><\/p>\n<p><a href=\"https:\/\/skd-online-collection.skd.museum\/\">Staatliche Kunstsammlung Dresden<\/a>, sehr gute Recherchem\u00f6glichkeit der SKD, auch Provenienzforschung \/ <span style=\"color: #999999;\">Very good page by the Staatliche Kunstsammlung Dresden<\/span><\/p>\n<p><a href=\"https:\/\/www.fatlava-schiedam.com\">Fatlava-Schiedam<\/a>, Top-Recherchem\u00f6glichkeit f\u00fcr Keramik-Vasen, insbesondere wenn es um Formen und Dekore geht \/ <span style=\"color: #999999;\">Very good page about Fat-Lava-Ceramic-Vases for decors and Shapes\u00a0<\/span><\/p>\n<p><a href=\"https:\/\/www.depotretro.be\/\">DepotRetro<\/a>, und noch eine Top-Recherchem\u00f6glichkeit f\u00fcr Keramik-Vasen, insbesondere wenn es um Formen und Dekore geht \/ <span style=\"color: #999999;\">Another very good page about Fat-Lava-Ceramic-Vases for decors and Shapes\u00a0<\/span><\/p>\n<p><a href=\"http:\/\/www.archivioceramica.com\/MARCHI\/marchi%20con%20disegni.htm\">Archivio Ceramica<\/a>,Top-Recherchem\u00f6glichkeit f\u00fcr italienische Keramik, Bodenmarken, Stempel, Manufakturen, K\u00fcnstler &#8230; \/ <span style=\"color: #999999;\">Very good page about Ceramic from Italy, marks, manufacturers, artists<\/span> &#8230;<\/p>\n<p><em><strong>Glas \/ Glass:<\/strong><\/em><\/p>\n<p><a href=\"http:\/\/www.great-glass.co.uk\/glass%20notes\/marki-l.htm\">great-glass.co.uk<\/a> &#8211; Gro\u00dfe \u00dcbersicht \u00fcber <span class=\"tlid-translation translation\" lang=\"de\"><span class=\"\" title=\"\">Labels und Marken der Glasmanufakturen &#8230; \/ <span style=\"color: #808080;\">Directory about glass manufacturer&#8217;s labels and marks &#8230;<\/span><\/span><\/span><\/p>\n<p><a href=\"http:\/\/www.glaskilian.de\">glaskilian.de<\/a> &#8211; Reich bebilderte Vergleichs- und Rechercheseite &#8230; \/ <span style=\"color: #808080;\">Rich illustrated comparison and research page &#8230;<\/span><\/p>\n<p><a href=\"http:\/\/www.glaswolf.de\">glaswolf.de<\/a> &#8211; Reich bebilderte Vergleichs- und Rechercheseite &#8230; \/ <span style=\"color: #808080;\">Rich illustrated comparison and research page &#8230;<\/span><\/p>\n<p><a href=\"http:\/\/www.glas-musterbuch.de\">glasmusterbuch.de<\/a> &#8211; Rechercheseite, gerade wenn es um Formen und Designs geht &#8230; \/ <span style=\"color: #808080;\"><span class=\"tlid-translation translation\" lang=\"en\"><span class=\"\" title=\"\">For research, especially when it comes to shapes and designs<\/span><\/span> &#8230;<\/span><\/p>\n<p><a href=\"https:\/\/pressglas-pavillon.de\/\">pressglas-pavillon.de<\/a> &#8211; Sehr \u00fcbersichtliche gut bebilderte Sammler-Seite von Pamela Wessendorf \u00fcber Pressglas der Manufakturen in DE, EU, USA \/ <span class=\"tlid-translation translation\" lang=\"en\"><span class=\"\" title=\"\"><span style=\"color: #808080;\">Very clear and well illustrated collector&#8217;s page by Pamela Wessendorf about pressed glass and their factories in DE, EU, USA<\/span><br \/>\n<\/span><\/span><\/p>\n<p><a href=\"https:\/\/www.20thcenturyglass.com\/glass_encyclopedia_home.htm\">20thcenturyglass.com<\/a> &#8211; Umfangreiche Enzyklop\u00e4die und Glas-Guide \u00fcber antikes und sammelw\u00fcrdiges Glas inklusive Manufakturen und mehr &#8230; \/<span style=\"color: #999999;\"> Glass Encyclopaedia, antique an collectable vintage glass guide &#8230;<\/span><\/p>\n<p><a href=\"https:\/\/www.cmog.org\/research\/glass-dictionary\">cmog.org\/research\/glass-dictionary<\/a> &#8211; Alles Wissenswerte \u00fcber Glas &#8211; Das Glas-W\u00f6rterbuch! mit vielen Bildern \/ <span style=\"color: #999999;\">All you must know about glass &#8211; the glass-dictionary! with a lot of pictures<\/span><\/p>\n<p><em><strong>Edelmetalle \/ <span class=\"tlid-translation translation\" lang=\"en\"><span class=\"\" title=\"\">Precious metals:<\/span><\/span><\/strong><\/em><\/p>\n<p><a href=\"http:\/\/www.silvercollection.it\/Germancorner.html\">silvercollection.it<\/a> &#8211; Silber Hallmarks, Punzen &#8230; \/ <span style=\"color: #808080;\">Silver hallmarks and brands &#8230;<\/span><\/p>\n","protected":false},"excerpt":{"rendered":"<p>Empfehlenswerte Webseiten &#8211; Recommended websites: &nbsp; Porzellan und Keramik \/ Porcelain and Ceramics: keramiksammler.de &#8211; Informationsportal f\u00fcr deutsche und europ\u00e4ische Kunstkeramik. Marken, Werkstattzeichen, Manufakturmarken und K\u00fcnstler-Signaturen &#8230; \/ Information portal for German and European Ceramic.&hellip; <a href=\"https:\/\/lavetrinaaperta.eu\/?page_id=316\">Mehr<\/a><\/p>\n","protected":false},"author":1,"featured_media":0,"parent":0,"menu_order":0,"comment_status":"closed","ping_status":"closed","template":"","meta":[],"_links":{"self":[{"href":"https:\/\/lavetrinaaperta.eu\/index.php?rest_route=\/wp\/v2\/pages\/316"}],"collection":[{"href":"https:\/\/lavetrinaaperta.eu\/index.php?rest_route=\/wp\/v2\/pages"}],"about":[{"href":"https:\/\/lavetrinaaperta.eu\/index.php?rest_route=\/wp\/v2\/types\/page"}],"author":[{"embeddable":true,"href":"https:\/\/lavetrinaaperta.eu\/index.php?rest_route=\/wp\/v2\/users\/1"}],"replies":[{"embeddable":true,"href":"https:\/\/lavetrinaaperta.eu\/index.php?rest_route=%2Fwp%2Fv2%2Fcomments&post=316"}],"version-history":[{"count":19,"href":"https:\/\/lavetrinaaperta.eu\/index.php?rest_route=\/wp\/v2\/pages\/316\/revisions"}],"predecessor-version":[{"id":998,"href":"https:\/\/lavetrinaaperta.eu\/index.php?rest_route=\/wp\/v2\/pages\/316\/revisions\/998"}],"wp:attachment":[{"href":"https:\/\/lavetrinaaperta.eu\/index.php?rest_route=%2Fwp%2Fv2%2Fmedia&parent=316"}],"curies":[{"name":"wp","href":"https:\/\/api.w.org\/{rel}","templated":true}]}}