{"id":341,"date":"2019-04-01T06:24:34","date_gmt":"2019-04-01T04:24:34","guid":{"rendered":"http:\/\/wp-vetrina.aro26.de\/?page_id=341"},"modified":"2022-05-30T23:35:26","modified_gmt":"2022-05-30T21:35:26","slug":"elementor-341","status":"publish","type":"page","link":"https:\/\/lavetrinaaperta.eu\/","title":{"rendered":"La Vetrina Aperta"},"content":{"rendered":"\t\t<div data-elementor-type=\"wp-post\" data-elementor-id=\"341\" class=\"elementor elementor-341\">\n\t\t\t\t\t\t<div class=\"elementor-inner\">\n\t\t\t\t<div class=\"elementor-section-wrap\">\n\t\t\t\t\t\t\t\t\t<section class=\"has_eae_slider elementor-section elementor-top-section elementor-element elementor-element-02f34d0 elementor-section-boxed elementor-section-height-default elementor-section-height-default\" data-id=\"02f34d0\" data-element_type=\"section\">\n\t\t\t\t\t\t<div class=\"elementor-container elementor-column-gap-default\">\n\t\t\t\t\t\t\t<div class=\"elementor-row\">\n\t\t\t\t\t<div class=\"has_eae_slider elementor-column elementor-col-100 elementor-top-column elementor-element elementor-element-3e3cb60\" data-id=\"3e3cb60\" data-element_type=\"column\">\n\t\t\t<div class=\"elementor-column-wrap elementor-element-populated\">\n\t\t\t\t\t\t\t<div class=\"elementor-widget-wrap\">\n\t\t\t\t\t\t<div class=\"elementor-element elementor-element-c108347 elementor-widget elementor-widget-heading\" data-id=\"c108347\" data-element_type=\"widget\" data-widget_type=\"heading.default\">\n\t\t\t\t<div class=\"elementor-widget-container\">\n\t\t\t<h2 class=\"elementor-heading-title elementor-size-default\">\"Sammler sind gl\u00fcckliche Menschen.\"<\/h2>\t\t<\/div>\n\t\t\t\t<\/div>\n\t\t\t\t\t\t<\/div>\n\t\t\t\t\t<\/div>\n\t\t<\/div>\n\t\t\t\t\t\t\t\t<\/div>\n\t\t\t\t\t<\/div>\n\t\t<\/section>\n\t\t\t\t<section class=\"has_eae_slider elementor-section elementor-top-section elementor-element elementor-element-f39fada elementor-section-boxed elementor-section-height-default elementor-section-height-default\" data-id=\"f39fada\" data-element_type=\"section\">\n\t\t\t\t\t\t<div class=\"elementor-container elementor-column-gap-default\">\n\t\t\t\t\t\t\t<div class=\"elementor-row\">\n\t\t\t\t\t<div class=\"has_eae_slider elementor-column elementor-col-100 elementor-top-column elementor-element elementor-element-d7bee84\" data-id=\"d7bee84\" data-element_type=\"column\">\n\t\t\t<div class=\"elementor-column-wrap elementor-element-populated\">\n\t\t\t\t\t\t\t<div class=\"elementor-widget-wrap\">\n\t\t\t\t\t\t<div class=\"elementor-element elementor-element-1ca1349 elementor-widget elementor-widget-heading\" data-id=\"1ca1349\" data-element_type=\"widget\" data-widget_type=\"heading.default\">\n\t\t\t\t<div class=\"elementor-widget-container\">\n\t\t\t<h6 class=\"elementor-heading-title elementor-size-default\">(Johann Wolfgang von Goethe)<\/h6>\t\t<\/div>\n\t\t\t\t<\/div>\n\t\t\t\t\t\t<\/div>\n\t\t\t\t\t<\/div>\n\t\t<\/div>\n\t\t\t\t\t\t\t\t<\/div>\n\t\t\t\t\t<\/div>\n\t\t<\/section>\n\t\t\t\t<section class=\"has_eae_slider elementor-section elementor-top-section elementor-element elementor-element-b0fba1f elementor-section-boxed elementor-section-height-default elementor-section-height-default\" data-id=\"b0fba1f\" data-element_type=\"section\">\n\t\t\t\t\t\t<div class=\"elementor-container elementor-column-gap-default\">\n\t\t\t\t\t\t\t<div class=\"elementor-row\">\n\t\t\t\t\t<div class=\"has_eae_slider elementor-column elementor-col-100 elementor-top-column elementor-element elementor-element-f10bf50\" data-id=\"f10bf50\" data-element_type=\"column\">\n\t\t\t<div class=\"elementor-column-wrap elementor-element-populated\">\n\t\t\t\t\t\t\t<div class=\"elementor-widget-wrap\">\n\t\t\t\t\t\t<div class=\"elementor-element elementor-element-c889146 animated-slow elementor-invisible elementor-widget elementor-widget-image\" data-id=\"c889146\" data-element_type=\"widget\" data-settings=\"{&quot;_animation&quot;:&quot;fadeIn&quot;}\" data-widget_type=\"image.default\">\n\t\t\t\t<div class=\"elementor-widget-container\">\n\t\t\t\t\t\t\t\t<div class=\"elementor-image\">\n\t\t\t\t\t\t\t\t\t\t\t\t<img decoding=\"async\" width=\"300\" height=\"225\" src=\"https:\/\/lavetrinaaperta.eu\/wp-content\/uploads\/2019\/03\/LogoBild-300x225.jpg\" class=\"attachment-medium size-medium\" alt=\"Logo_La Vetrina Aperta\" loading=\"lazy\" srcset=\"https:\/\/lavetrinaaperta.eu\/wp-content\/uploads\/2019\/03\/LogoBild-300x225.jpg 300w, https:\/\/lavetrinaaperta.eu\/wp-content\/uploads\/2019\/03\/LogoBild-768x576.jpg 768w, https:\/\/lavetrinaaperta.eu\/wp-content\/uploads\/2019\/03\/LogoBild-1024x768.jpg 1024w\" sizes=\"(max-width: 300px) 100vw, 300px\" \/>\t\t\t\t\t\t\t\t\t\t\t\t\t\t<\/div>\n\t\t\t\t\t\t<\/div>\n\t\t\t\t<\/div>\n\t\t\t\t<div class=\"elementor-element elementor-element-257b3e2 elementor-widget elementor-widget-heading\" data-id=\"257b3e2\" data-element_type=\"widget\" data-widget_type=\"heading.default\">\n\t\t\t\t<div class=\"elementor-widget-container\">\n\t\t\t<div class=\"elementor-heading-title elementor-size-medium\">Willkommen - Welcome - Benvenuto - Bienvenue - Bienvenido - Welkom <\/div>\t\t<\/div>\n\t\t\t\t<\/div>\n\t\t\t\t\t\t<\/div>\n\t\t\t\t\t<\/div>\n\t\t<\/div>\n\t\t\t\t\t\t\t\t<\/div>\n\t\t\t\t\t<\/div>\n\t\t<\/section>\n\t\t\t\t<section class=\"has_eae_slider elementor-section elementor-top-section elementor-element elementor-element-5ae8f93 elementor-section-boxed elementor-section-height-default elementor-section-height-default\" data-id=\"5ae8f93\" data-element_type=\"section\">\n\t\t\t\t\t\t<div class=\"elementor-container elementor-column-gap-default\">\n\t\t\t\t\t\t\t<div class=\"elementor-row\">\n\t\t\t\t\t<div class=\"has_eae_slider elementor-column elementor-col-100 elementor-top-column elementor-element elementor-element-3f2c46d\" data-id=\"3f2c46d\" data-element_type=\"column\">\n\t\t\t<div class=\"elementor-column-wrap elementor-element-populated\">\n\t\t\t\t\t\t\t<div class=\"elementor-widget-wrap\">\n\t\t\t\t\t\t<section class=\"has_eae_slider elementor-section elementor-inner-section elementor-element elementor-element-4016a7e elementor-section-boxed elementor-section-height-default elementor-section-height-default\" data-id=\"4016a7e\" data-element_type=\"section\">\n\t\t\t\t\t\t<div class=\"elementor-container elementor-column-gap-default\">\n\t\t\t\t\t\t\t<div class=\"elementor-row\">\n\t\t\t\t\t<div class=\"has_eae_slider elementor-column elementor-col-50 elementor-inner-column elementor-element elementor-element-d4619c3\" data-id=\"d4619c3\" data-element_type=\"column\">\n\t\t\t<div class=\"elementor-column-wrap elementor-element-populated\">\n\t\t\t\t\t\t\t<div class=\"elementor-widget-wrap\">\n\t\t\t\t\t\t<div class=\"elementor-element elementor-element-2625a62 elementor-widget elementor-widget-text-editor\" data-id=\"2625a62\" data-element_type=\"widget\" data-widget_type=\"text-editor.default\">\n\t\t\t\t<div class=\"elementor-widget-container\">\n\t\t\t\t\t\t\t\t<div class=\"elementor-text-editor elementor-clearfix\">\n\t\t\t\t<p>Dieses ist eine rein private Webseite einer Sammlerin von sch\u00f6nen Dingen aus Glas, Porzellan, Keramik aus dem letzten Jahrhundert.\u00a0 Aufgef\u00fchrte Markennamen und Warenzeichen sind Eigentum ihrer jeweiligen Inhaber und dienen nur der Beschreibung und Wertsch\u00e4tzung der Objekte.<br \/>Die hier gezeigten Objekte sind allesamt gebraucht, das heisst Sammlerst\u00fccke aus der Vitrine. Die Beschreibungen der Objekte erfolgte nach intensiver Recherche und nach bestem Wissen und Gewissen. Sollten Sie nachweislich einen Fehler entdecken, w\u00e4re ich f\u00fcr Hinweise dankbar. Neben den Objektbeschreibungen sind viele weitere Texte direkt zweisprachig (Deutsch und Englisch) hinterlegt. Die \u00dcbersetzungen in die englische Sprache erfolgten mit Unterst\u00fctzung des online-<a href=\"https:\/\/translate.google.com\/\">google-Translators<\/a>. Trotz Gegenproben k\u00f6nnen nat\u00fcrlich \u00dcbersetzungsfehler nicht g\u00e4nzlich ausgeschlossen werden. Dieses bitte ich zu entschuldigen.<\/p><p>\u00a0<\/p>\t\t\t\t\t<\/div>\n\t\t\t\t\t\t<\/div>\n\t\t\t\t<\/div>\n\t\t\t\t\t\t<\/div>\n\t\t\t\t\t<\/div>\n\t\t<\/div>\n\t\t\t\t<div class=\"has_eae_slider elementor-column elementor-col-50 elementor-inner-column elementor-element elementor-element-884f6fa\" data-id=\"884f6fa\" data-element_type=\"column\">\n\t\t\t<div class=\"elementor-column-wrap elementor-element-populated\">\n\t\t\t\t\t\t\t<div class=\"elementor-widget-wrap\">\n\t\t\t\t\t\t<div class=\"elementor-element elementor-element-dd87c11 elementor-widget elementor-widget-text-editor\" data-id=\"dd87c11\" data-element_type=\"widget\" data-widget_type=\"text-editor.default\">\n\t\t\t\t<div class=\"elementor-widget-container\">\n\t\t\t\t\t\t\t\t<div class=\"elementor-text-editor elementor-clearfix\">\n\t\t\t\t<p><span title=\"\">This is a purely private collector&#8217;s website about beautiful things made of glass, porcelain, ceramics from the last century. Listed brand names and trademarks are the property of their respective owners and are used only to describe the objects and their appreciation.<br \/>The objects shown here are all used, that means collectibles from the showcase.<\/span> The descriptions of the objects were made after intensive research and to the best of our knowledge and belief. If you detect a mistake, I would be grateful for any hints. <span lang=\"en\"><span title=\"\">In addition to the object descriptions many other texts are directly bilingual (German and English) deposited. <\/span><\/span>Translations into English were made with the help of the online-<a href=\"https:\/\/translate.google.com\/\">google translator<\/a>. Of course, despite cross-checks, translation errors can not be completely ruled out. I apologize for this.<\/p>\t\t\t\t\t<\/div>\n\t\t\t\t\t\t<\/div>\n\t\t\t\t<\/div>\n\t\t\t\t\t\t<\/div>\n\t\t\t\t\t<\/div>\n\t\t<\/div>\n\t\t\t\t\t\t\t\t<\/div>\n\t\t\t\t\t<\/div>\n\t\t<\/section>\n\t\t\t\t\t\t<\/div>\n\t\t\t\t\t<\/div>\n\t\t<\/div>\n\t\t\t\t\t\t\t\t<\/div>\n\t\t\t\t\t<\/div>\n\t\t<\/section>\n\t\t\t\t<section class=\"has_eae_slider elementor-section elementor-top-section elementor-element elementor-element-4e68bb5 elementor-section-boxed elementor-section-height-default elementor-section-height-default\" data-id=\"4e68bb5\" data-element_type=\"section\">\n\t\t\t\t\t\t<div class=\"elementor-container elementor-column-gap-default\">\n\t\t\t\t\t\t\t<div class=\"elementor-row\">\n\t\t\t\t\t<div class=\"has_eae_slider elementor-column elementor-col-100 elementor-top-column elementor-element elementor-element-53f2cb2\" data-id=\"53f2cb2\" data-element_type=\"column\">\n\t\t\t<div class=\"elementor-column-wrap elementor-element-populated\">\n\t\t\t\t\t\t\t<div class=\"elementor-widget-wrap\">\n\t\t\t\t\t\t<div class=\"elementor-element elementor-element-32833b5 elementor-widget-divider--view-line elementor-widget elementor-widget-divider\" data-id=\"32833b5\" data-element_type=\"widget\" data-widget_type=\"divider.default\">\n\t\t\t\t<div class=\"elementor-widget-container\">\n\t\t\t\t\t<div class=\"elementor-divider\">\n\t\t\t<span class=\"elementor-divider-separator\">\n\t\t\t\t\t\t<\/span>\n\t\t<\/div>\n\t\t\t\t<\/div>\n\t\t\t\t<\/div>\n\t\t\t\t\t\t<\/div>\n\t\t\t\t\t<\/div>\n\t\t<\/div>\n\t\t\t\t\t\t\t\t<\/div>\n\t\t\t\t\t<\/div>\n\t\t<\/section>\n\t\t\t\t<section class=\"has_eae_slider elementor-section elementor-top-section elementor-element elementor-element-d30ae18 elementor-section-boxed elementor-section-height-default elementor-section-height-default\" data-id=\"d30ae18\" data-element_type=\"section\">\n\t\t\t\t\t\t<div class=\"elementor-container elementor-column-gap-default\">\n\t\t\t\t\t\t\t<div class=\"elementor-row\">\n\t\t\t\t\t<div class=\"has_eae_slider elementor-column elementor-col-100 elementor-top-column elementor-element elementor-element-5e916cd\" data-id=\"5e916cd\" data-element_type=\"column\">\n\t\t\t<div class=\"elementor-column-wrap elementor-element-populated\">\n\t\t\t\t\t\t\t<div class=\"elementor-widget-wrap\">\n\t\t\t\t\t\t<div class=\"elementor-element elementor-element-c512177 elementor-widget elementor-widget-text-editor\" data-id=\"c512177\" data-element_type=\"widget\" data-widget_type=\"text-editor.default\">\n\t\t\t\t<div class=\"elementor-widget-container\">\n\t\t\t\t\t\t\t\t<div class=\"elementor-text-editor elementor-clearfix\">\n\t\t\t\t<p style=\"text-align: center;\">\u00a9 ARTdesign Di Bella, Eva-Maria Di Bella. Alle Rechte vorbehalten.<br><\/p>\t\t\t\t\t<\/div>\n\t\t\t\t\t\t<\/div>\n\t\t\t\t<\/div>\n\t\t\t\t\t\t<\/div>\n\t\t\t\t\t<\/div>\n\t\t<\/div>\n\t\t\t\t\t\t\t\t<\/div>\n\t\t\t\t\t<\/div>\n\t\t<\/section>\n\t\t\t\t\t\t\t\t\t<\/div>\n\t\t\t<\/div>\n\t\t\t\t\t<\/div>\n\t\t","protected":false},"excerpt":{"rendered":"<p>&#8222;Sammler sind gl\u00fcckliche Menschen.&#8220; (Johann Wolfgang von Goethe) Willkommen &#8211; Welcome &#8211; Benvenuto &#8211; Bienvenue &#8211; Bienvenido &#8211; Welkom Dieses ist eine rein private Webseite einer Sammlerin von sch\u00f6nen Dingen aus Glas, Porzellan, Keramik aus&hellip; <a href=\"https:\/\/lavetrinaaperta.eu\/\">Mehr<\/a><\/p>\n","protected":false},"author":1,"featured_media":133,"parent":0,"menu_order":0,"comment_status":"closed","ping_status":"closed","template":"","meta":[],"_links":{"self":[{"href":"https:\/\/lavetrinaaperta.eu\/index.php?rest_route=\/wp\/v2\/pages\/341"}],"collection":[{"href":"https:\/\/lavetrinaaperta.eu\/index.php?rest_route=\/wp\/v2\/pages"}],"about":[{"href":"https:\/\/lavetrinaaperta.eu\/index.php?rest_route=\/wp\/v2\/types\/page"}],"author":[{"embeddable":true,"href":"https:\/\/lavetrinaaperta.eu\/index.php?rest_route=\/wp\/v2\/users\/1"}],"replies":[{"embeddable":true,"href":"https:\/\/lavetrinaaperta.eu\/index.php?rest_route=%2Fwp%2Fv2%2Fcomments&post=341"}],"version-history":[{"count":18,"href":"https:\/\/lavetrinaaperta.eu\/index.php?rest_route=\/wp\/v2\/pages\/341\/revisions"}],"predecessor-version":[{"id":885,"href":"https:\/\/lavetrinaaperta.eu\/index.php?rest_route=\/wp\/v2\/pages\/341\/revisions\/885"}],"wp:featuredmedia":[{"embeddable":true,"href":"https:\/\/lavetrinaaperta.eu\/index.php?rest_route=\/wp\/v2\/media\/133"}],"wp:attachment":[{"href":"https:\/\/lavetrinaaperta.eu\/index.php?rest_route=%2Fwp%2Fv2%2Fmedia&parent=341"}],"curies":[{"name":"wp","href":"https:\/\/api.w.org\/{rel}","templated":true}]}}