{"id":43,"date":"2019-03-09T20:35:32","date_gmt":"2019-03-09T20:35:32","guid":{"rendered":"http:\/\/wp-vetrina.aro26.de\/?page_id=43"},"modified":"2020-10-28T19:41:40","modified_gmt":"2020-10-28T18:41:40","slug":"inhalt","status":"publish","type":"page","link":"https:\/\/lavetrinaaperta.eu\/?page_id=43","title":{"rendered":"Inhalt"},"content":{"rendered":"\r\n<p class=\"has-medium-font-size\">Objekte aus diesen Bereichen stellen wir vor:<\/p>\r\n\r\n\r\n\r\n<h2><a href=\"http:\/\/wp-vetrina.aro26.de\/?cat=166\">&#8230; nach Art<\/a><\/h2>\r\n\r\n\r\n\r\n<ul>\r\n<li><a href=\"http:\/\/wp-vetrina.aro26.de\/?cat=167\">K\u00e4nnchen, kleine Kannen, Milchk\u00e4nnchen, Jugs, Creamer<\/a><\/li>\r\n<li><a href=\"http:\/\/wp-vetrina.aro26.de\/?cat=168\">Teller, Schalen, Plates, Bowls<\/a><\/li>\r\n<li><a href=\"http:\/\/wp-vetrina.aro26.de\/?cat=169\">Vasen, Vases<\/a><\/li>\r\n<li>Deckeldosen, Bonbonieren, Keksdosen, Pokaldosen, Lidded boxes, Trophy boxes<\/li>\r\n<li><a href=\"http:\/\/wp-vetrina.aro26.de\/?cat=171\">Figuren, Figurine, Statuen, Statuetten<\/a><\/li>\r\n<\/ul>\r\n\r\n\r\n\r\n<h2><a href=\"http:\/\/wp-vetrina.aro26.de\/?cat=162\">&#8230; nach Material<\/a><\/h2>\r\n\r\n\r\n\r\n<ul>\r\n<li><a href=\"http:\/\/wp-vetrina.aro26.de\/?cat=163\">Porzellan, Porcelain<\/a><\/li>\r\n<li><a href=\"http:\/\/wp-vetrina.aro26.de\/?cat=164\">Keramik, Ceramic<\/a><\/li>\r\n<li><a href=\"http:\/\/wp-vetrina.aro26.de\/?cat=165\">Glas, Glass<\/a><\/li>\r\n<\/ul>\r\n\r\n\r\n\r\n<h2><a href=\"http:\/\/wp-vetrina.aro26.de\/?cat=1\">&#8230; nach Manufaktur<\/a><\/h2>\r\n\r\n\r\n\r\n<ul>\r\n<li>AK Kaiser \/ Alboth &amp; Kaiser<\/li>\r\n<li>Carstens, T\u00f6nnieshof<\/li>\r\n<li>D\u00fcrrbeck &amp; Ruckd\u00e4schel, Wei\u00dfenstadt<\/li>\r\n<li><a href=\"http:\/\/wp-vetrina.aro26.de\/?cat=45\">Fenton Art Glass Co., Martins Ferry, USA<\/a><\/li>\r\n<li>Gerold Porzellan, Tettau Bavaria<\/li>\r\n<li><a href=\"http:\/\/wp-vetrina.aro26.de\/?cat=49\">Goebel<\/a><\/li>\r\n<li>Graefenthal, Reichenbach<\/li>\r\n<li><a href=\"http:\/\/wp-vetrina.aro26.de\/?cat=119\">F.C. Greiner &amp; S\u00f6hne, Rauenstein<\/a><\/li>\r\n<li><a href=\"http:\/\/wp-vetrina.aro26.de\/?cat=239\">Herbolzheim (Erich Locke)<\/a><\/li>\r\n<li><a href=\"http:\/\/wp-vetrina.aro26.de\/?cat=40\">Hutschenreuther<\/a><\/li>\r\n<li><a href=\"http:\/\/wp-vetrina.aro26.de\/?cat=138\">Jasba<\/a><\/li>\r\n<li>KPM Berlin<\/li>\r\n<li><a href=\"http:\/\/wp-vetrina.aro26.de\/?cat=55\">Theodore Legras<\/a><\/li>\r\n<li>Meissen<\/li>\r\n<li>Mitterteich Bavaria<\/li>\r\n<li><a href=\"http:\/\/wp-vetrina.aro26.de\/?cat=60\">Ludwig Moser, Karlsbad<\/a><\/li>\r\n<li><a href=\"http:\/\/wp-vetrina.aro26.de\/?cat=56\">Murano: Venini, AVeM, Flavio Poli, Alfredo Barbini, Barovier &amp; Toso, Archimede Seguso etc.<\/a><\/li>\r\n<li>Nachtmann Glas<\/li>\r\n<li>J\u00fcrgen Richartz, Art Glas, Mathildenh\u00fctte, Solingen<\/li>\r\n<li><a href=\"http:\/\/wp-vetrina.aro26.de\/?cat=54\">Rosenthal<\/a><\/li>\r\n<li>Oscar Schlegelmilch, Langewiesen<\/li>\r\n<li><a href=\"http:\/\/wp-vetrina.aro26.de\/?cat=192\">Orrefors, Schweden<\/a><\/li>\r\n<li><a href=\"http:\/\/wp-vetrina.aro26.de\/?cat=158\">Spanien (\u00e4hnlich Ludwig Moser, Karlsbad)<\/a><\/li>\r\n<li><a href=\"http:\/\/wp-vetrina.aro26.de\/?cat=43\">Villeroy &amp; Boch<\/a><\/li>\r\n<li><a href=\"http:\/\/wp-vetrina.aro26.de\/?cat=113\">Wagner &amp; Apel GDR Lippelsdorf, Th\u00fcringen<\/a><\/li>\r\n<li>Walther-Glas<\/li>\r\n<li>Winterling, R\u00f6slau Bavaria<\/li>\r\n<li>nicht bekannt<\/li>\r\n<\/ul>\r\n\r\n\r\n\r\n<p>&nbsp;<\/p>\r\n\r\n\r\n\r\n<p>&nbsp;<\/p>\r\n\r\n\r\n\r\n<p>&nbsp;<\/p>\r\n\r\n\r\n\r\n<p>&nbsp;<\/p>\r\n\r\n\r\n\r\n<p>&nbsp;<\/p>\r\n\r\n\r\n\r\n<p>&nbsp;<\/p>\r\n\r\n\r\n\r\n<p>&nbsp;<\/p>\r\n\r\n\r\n\r\n<p>&nbsp;<\/p>\r\n\r\n\r\n\r\n<p>&nbsp;<\/p>\r\n\r\n\r\n\r\n<p>&nbsp;<\/p>\r\n\r\n\r\n\r\n<p>&nbsp;<\/p>\r\n\r\n\r\n\r\n<p>&nbsp;<\/p>\r\n\r\n\r\n\r\n<p>&nbsp;<\/p>\r\n\r\n\r\n\r\n<p>&nbsp;<\/p>\r\n\r\n\r\n\r\n<p>&nbsp;<\/p>\r\n\r\n\r\n\r\n<p>&nbsp;<\/p>\r\n\r\n\r\n\r\n<p>&nbsp;<\/p>\r\n\r\n\r\n\r\n<p>&nbsp;<\/p>\r\n\r\n\r\n\r\n<p>&nbsp;<\/p>\r\n\r\n\r\n\r\n<p>&nbsp;<\/p>\r\n\r\n\r\n\r\n<p>&nbsp;<\/p>\r\n\r\n\r\n\r\n<p>&nbsp;<\/p>\r\n","protected":false},"excerpt":{"rendered":"<p>Objekte aus diesen Bereichen stellen wir vor: &#8230; nach Art K\u00e4nnchen, kleine Kannen, Milchk\u00e4nnchen, Jugs, Creamer Teller, Schalen, Plates, Bowls Vasen, Vases Deckeldosen, Bonbonieren, Keksdosen, Pokaldosen, Lidded boxes, Trophy boxes Figuren, Figurine, Statuen, Statuetten &#8230;&hellip; <a href=\"https:\/\/lavetrinaaperta.eu\/?page_id=43\">Mehr<\/a><\/p>\n","protected":false},"author":1,"featured_media":0,"parent":0,"menu_order":0,"comment_status":"closed","ping_status":"closed","template":"","meta":[],"_links":{"self":[{"href":"https:\/\/lavetrinaaperta.eu\/index.php?rest_route=\/wp\/v2\/pages\/43"}],"collection":[{"href":"https:\/\/lavetrinaaperta.eu\/index.php?rest_route=\/wp\/v2\/pages"}],"about":[{"href":"https:\/\/lavetrinaaperta.eu\/index.php?rest_route=\/wp\/v2\/types\/page"}],"author":[{"embeddable":true,"href":"https:\/\/lavetrinaaperta.eu\/index.php?rest_route=\/wp\/v2\/users\/1"}],"replies":[{"embeddable":true,"href":"https:\/\/lavetrinaaperta.eu\/index.php?rest_route=%2Fwp%2Fv2%2Fcomments&post=43"}],"version-history":[{"count":15,"href":"https:\/\/lavetrinaaperta.eu\/index.php?rest_route=\/wp\/v2\/pages\/43\/revisions"}],"predecessor-version":[{"id":821,"href":"https:\/\/lavetrinaaperta.eu\/index.php?rest_route=\/wp\/v2\/pages\/43\/revisions\/821"}],"wp:attachment":[{"href":"https:\/\/lavetrinaaperta.eu\/index.php?rest_route=%2Fwp%2Fv2%2Fmedia&parent=43"}],"curies":[{"name":"wp","href":"https:\/\/api.w.org\/{rel}","templated":true}]}}